{"id":197,"date":"2011-11-30T12:01:36","date_gmt":"2011-11-30T11:01:36","guid":{"rendered":"http:\/\/villesallantvers.org\/lig_mrs_lig\/?page_id=197"},"modified":"2017-09-27T13:23:12","modified_gmt":"2017-09-27T12:23:12","slug":"point-de-depart","status":"publish","type":"page","link":"https:\/\/villesallantvers.org\/lig_mrs_lig\/?page_id=197","title":{"rendered":"Point de d\u00e9part"},"content":{"rendered":"<p><strong>C&rsquo;est \u00e0 partir d&rsquo;ici que tout commence et c&rsquo;est aussi ici que nous nous situons.<\/strong><\/p>\n<p><center><br \/>\n<iframe loading=\"lazy\" src=\"http:\/\/player.vimeo.com\/video\/11534811\" width=\"400\" height=\"225\" frameborder=\"0\"><\/iframe><a href=\"http:\/\/vimeo.com\/11534811\">Pr\u00e9sentation de Villes allant vers<\/a> from <a href=\"http:\/\/vimeo.com\/fing\">videosfing<\/a> on <a href=\"http:\/\/vimeo.com\">Vimeo<\/a>.<\/center>&nbsp;<\/p>\n<p><em><strong>\u00ab VillesAllantVers \u00bb<\/strong><\/em> est une cr\u00e9ation collective. Elle se r\u00e9alise sous la forme d&rsquo;ateliers ouverts aux participants de tous \u00e2ges. Lors de l&rsquo;atelier, nous collectons les <em>\u00ab parcours \u00bb<\/em> de chacun. Nous demandons \u00e0 chacun d&rsquo;entre nous de choisir une rue et d&rsquo;associer \u00e0 ce chemin, des sons, des couleurs des formes, des odeurs. En liant ces choix les uns aux autres, nous r\u00e9alisons la carte d&rsquo;une<em>\u00a0\u00ab ville invisible \u00bb<\/em><\/p>\n<p>Les villes sont dessin\u00e9es par quelques uns pour le bien-\u00eatre du plus grand nombre. Mais de quel bien-\u00eatre s&rsquo;agit-il Principalement ? En ce qui concerne le milieu urbain, lorsque nous \u00e9voquons le \u00ab bien-\u00eatre \u00bb, nous nous int\u00e9ressons \u00e0 la partie \u00e9conomique de la ville, c&rsquo;est-\u00e0-dire celle qui g\u00e9n\u00e8re des richesses. C&rsquo;est du moins, vers ce sens que converge les diff\u00e9rentes actions qui sont r\u00e9alis\u00e9es entre les murs de la ville, qu&rsquo;elles soient culturelles, sportives, de loisirs ou autres. Voil\u00e0 la ville telle que nous la dessinons sur une carte, faite d&rsquo;art\u00e8res commer\u00e7antes, d&rsquo;immeuble de bureaux, de rues pi\u00e9tonnes, d&rsquo;espace d&rsquo;administration du pouvoir, des gares, etc. La \u00ab ville invisible \u00bb c&rsquo;est celle que nous parcourrons sans la voir.<\/p>\n<p>&nbsp;<\/p>\n<a href=\"https:\/\/villesallantvers.org\/lig_mrs_lig\/wp-content\/uploads\/2017\/09\/VAVPresentation.pdf\" class=\"pdfemb-viewer\" style=\"\" data-width=\"max\" data-height=\"max\" data-toolbar=\"bottom\" data-toolbar-fixed=\"off\">Presentation<\/a>\n<p>&#8212;-]]. Les sensations associ\u00e9es \u00e0 ces rues fournissent les informations et les objets plastiques n\u00e9cessaires \u00e0 l&rsquo;installation, au site internet, \u00e0 la rencontre de l&rsquo;autre [[Le voyage, l&rsquo;arriv\u00e9e de l&rsquo;autre :<\/p>\n<p>Lors de cet atelier de cr\u00e9ation nous partons des parcours quotidien, c&rsquo;est-\u00e0-dire un trajet d&rsquo;un point A vers un point B en passant par telle ou telle autre point. L&rsquo;atelier consiste \u00e0 ce que chacun des participants extraie de ce chemin une rue \u00e0 la quelle il pourra associer un son, une couleur, une mati\u00e8re, une odeur, une forme, etc.<br \/>\nCe travail \u00e0 partir d&rsquo;un espace public prenant s&rsquo;inscrit dans une d\u00e9marche artistique ayant pour objet la cr\u00e9ation dans l&rsquo;espace public. Cet espace sens\u00e9 nous \u00eatre commun et accessible \u00e0 tous est le contexte de toutes les cr\u00e9ations.<br \/>\n&#8212;-]]. Cette mise en commun des parcours individuels et collectifs permet de d\u00e9couvrir une \u00ab autre \u00bb ville, une ville que je vous propose de voir \u00e0 hauteur de ses habitants.<\/p>\n<p>Cette cr\u00e9ation a \u00e9t\u00e9 r\u00e9alis\u00e9e, en 2000, \u00e0 <a title=\"Bruxelles - Les VillesAllantVers\" href=\"http:\/\/villesallantvers.org\/spip.php?article114\" target=\"_blank\" rel=\"noopener\">Bruxelles<\/a>, en collaboration avec les habitants. Elle fut produite par la \u00ab biennale du parcours d&rsquo;artistes \u00bb. De 2001 \u00e0 ce jour, Les <em>\u00ab VillesAllantVers \u00bb<\/em>\u00a0furent r\u00e9alis\u00e9es en collaboration avec des \u00e9l\u00e8ves de C.M.1, C.E.2, des coll\u00e9giens, des lyc\u00e9ens, \u00e0 <a title=\"Tarascon - Les VillesAllantVers\" href=\"http:\/\/villesallantvers.org\/spip.php?rubrique40\" target=\"_blank\" rel=\"noopener\">Tarascon<\/a> et <a title=\"Marseille - Les VillesAllantVers\" href=\"http:\/\/villesallantvers.org\/spip.php?rubrique5\" target=\"_blank\" rel=\"noopener\">Marseille<\/a>, elles furent port\u00e9es aupr\u00e8s des \u00e9coles par l&rsquo;association les \u00ab T\u00eates de l&rsquo;art \u00bb, m\u00e9diateur culturel \u00e0 Marseille. A pr\u00e9sent, Les <em>\u00ab VillesAllantVers \u00bb<\/em>\u00a0sont r\u00e9alis\u00e9es \u00e0 <a title=\"Madrid - Les VillesAllantVers\" href=\"http:\/\/villesallantvers.org\/spip.php?rubrique26\" target=\"_blank\" rel=\"noopener\">Madrid<\/a>\u00a0et <a title=\"B\u00e9ja\u00efa - Les VillesAllantVers\" href=\"http:\/\/villesallantvers.org\/spip.php?rubrique22\" target=\"_blank\" rel=\"noopener\">B\u00e9ja\u00efa<\/a>\u00a0(Alg\u00e9rie), port\u00e9es aupr\u00e8s des \u00e9coles par <a title=\"IITM - Institut International de Th\u00e9\u00e2tre en M\u00e9diterrann\u00e9e\" href=\"http:\/\/www.iitm.org\" target=\"_blank\" rel=\"noopener\">l&rsquo;Institut international de th\u00e9\u00e2tre en M\u00e9diterran\u00e9e<\/a>, avec qui nous partageons les th\u00e9matiques des <em>\u00ab Villes Invisibles \u00bb<\/em> et de <em>\u00ab l&rsquo;arriv\u00e9e de l&rsquo;autre \u00bb<\/em>.<\/p>\n<p>Lors de toutes cr\u00e9ations, j&rsquo;ai toujours tenter de r\u00e9aliser une <em>\u00ab oeuvre collective \u00bb<\/em> ouverte. C&rsquo;est-\u00e0-dire, en ne limitant pas la collaboration \u00e0 d&rsquo;autres artistes, mais en l&rsquo;ouvrant aux \u00ab non-artistes \u00bb. A mon sens, l&rsquo;\u0153uvre est ouverte aux publics. En ce sens, <a title=\"Espace publique - Les VillesAllantVers\" href=\"http:\/\/villesallantvers.org\/spip.php?rubrique41\" target=\"_blank\" rel=\"noopener\">l&rsquo;espace publique<\/a>\u00a0est l&rsquo;espace le plus appropri\u00e9 pour accueillir une \u0153uvre destin\u00e9 aux publics. Au cours de ces r\u00e9alisations, j&rsquo;ai d\u00e9couvert des espaces propices \u00e0 de telles cr\u00e9ations, des espaces que nous parcourrons, que nous utilisons pour leurs fonctionnalit\u00e9s et qui disparaissent derri\u00e8re ces fonctions. Pourrions-nous nous les r\u00e9-approprier ? Pourrions-nous les transformer en espaces de cr\u00e9ation, c&rsquo;est-\u00e0-dire un lieu o\u00f9 le sujet est sensible aux formes, aux couleurs, aux sons, aux images, aux odeurs qu&rsquo;il rencontre ?<\/p>\n<p>Les objectifs de la cr\u00e9ation des <em>\u00ab VillesAllantVers \u00bb<\/em>\u00a0sont doubles. D&rsquo;une part, il s&rsquo;agit de r\u00e9aliser \u00e0 plusieurs, une \u00ab ville invisible \u00bb \u00e0 partir des parcours de chacun des participants. D&rsquo;autre part, par la r\u00e9alisation d&rsquo;une installation des donn\u00e9es collect\u00e9es lors de cet atelier et d&rsquo;un site, nous d\u00e9sirons ouvrir un espace propice \u00e0 l&rsquo;arriv\u00e9e de l&rsquo;autre , les autres participants. C&rsquo;est la raison pour laquelle nous favorisons les rencontres entre les participants aux ateliers r\u00e9alis\u00e9s dans divers pays, actuellement : la France, l&rsquo;Alg\u00e9rie, l&rsquo;Espagne. Lors de la restitution de ces cr\u00e9ations nous proposons un film commun \u00e0 chaque atelier, donnant \u00e0 voir la \u00ab ville invisible \u00bb recr\u00e9\u00e9e, suivi d&rsquo;une \u0153uvre plastique pr\u00e9sent\u00e9e sous la forme d&rsquo;une installation abordant la notion de voyage, d&rsquo;\u00e9loignement, d&rsquo;\u00e9migration, par le biais d&rsquo;objet \u00ab valise \u00bb contenant les objets t\u00e9moins du processus de cr\u00e9ation collectif (les photographies, les t\u00e9moignages sonores, les dessins, les textes). Le site est un vecteur de liens entre les diff\u00e9rents ateliers. Chaque participant est initi\u00e9 \u00e0 la notion d&rsquo;auteur et la r\u00e9daction sur ce site (formation sous SPIP).<\/p>\n<p><a style=\"margin: 12px auto 6px auto; font-family: Helvetica, Arial, Sans-serif; font-style: normal; font-variant: normal; font-weight: normal; font-size: 14px; line-height: normal; font-size-adjust: none; font-stretch: normal; -x-system-font: bitstream; display: block; text-decoration: none;\" title=\"Fing - Paca \/ Projet innovant 2010\" href=\"http:\/\/www.scribd.com\/doc\/29285382\/LIVRET-PACA-BD-2\">Fing &#8211; Paca \/ Projet innovant 2010<\/a><br \/>\n<a href=\"https:\/\/villesallantvers.org\/lig_mrs_lig\/wp-content\/uploads\/2017\/09\/LIVRET_PACA_Fing.pdf\" class=\"pdfemb-viewer\" style=\"\" data-width=\"max\" data-height=\"max\" data-toolbar=\"bottom\" data-toolbar-fixed=\"off\">LIVRET PACA Fing<\/a><\/p>\n<p>{{La cr\u00e9ation collective :}}<\/p>\n<p>Le d\u00e9sir de faire des {\u00ab VillesAllantVers \u00bb} une cr\u00e9ation collaborative vient d&rsquo;un constat et d&rsquo;un parti-pris.<\/p>\n<p>{{Le constat :}}<br \/>\nNos soci\u00e9t\u00e9s sont de plus en plus individualistes, ceci au d\u00e9triment du sens commun et des espaces o\u00f9 ce sens commun s&rsquo;articule et se dit, les espaces publiques. Elles sont pourtant le lieu privil\u00e9gi\u00e9 de la parole, des espaces publiques, les rues, les places, les associations, les espaces culturels, etc. o\u00f9 le sens commun prend forme, lors de manifestations festives ou revendicatives.<br \/>\nLes espaces publiques des villes sont impliqu\u00e9es directement dans ce processus de privatisation temporaire ou d\u00e9finitive. De plus en plus ces lieux publiques se privatisent, les rues sont, par exemple, temporairement d\u00e9coup\u00e9es en espaces priv\u00e9s lors des march\u00e9s ou pour le commerce des taxis.<\/p>\n<p>{{Le parti-pris :}}<br \/>\nIl consiste \u00e0 cr\u00e9er, \u00e0 partir de parcours individuel, un parcours commun. C&rsquo;est-\u00e0-dire de mettre en commun des exp\u00e9riences sensorielles individuelles, non pas pour en faire une somme d&rsquo;exp\u00e9riences individuelles qui se voudraient \u00eatre une exp\u00e9rience collective. Mais bien en op\u00e9rant des choix subjectifs sur ces parcours, en cr\u00e9ant \u00e0 partir de ces choix du lien entre eux, en partant de la d\u00e9couverte et de l&rsquo;\u00e9coute de l&rsquo;autre. Nous dessinons un contexte favorable \u00e0 une exp\u00e9rience collective.<\/p>\n<p>Le [travail collaboratif-&gt;http:\/\/fr.wikipedia.org\/wiki\/Travail_collaboratif] est un processus de r\u00e9alisation dans lequel se joignent de nombreuses personnes en vue de maximiser l\u2019\u00e9nergie cr\u00e9ative lors de projets d\u2019envergure, avec ceci qu\u2019elle n\u2019est plus fond\u00e9e sur l\u2019organisation hi\u00e9rarchis\u00e9.<\/p>\n<p>&#8212;-<\/p>\n","protected":false},"excerpt":{"rendered":"<p>C&rsquo;est \u00e0 partir d&rsquo;ici que tout commence et c&rsquo;est aussi ici que nous nous situons. Pr\u00e9sentation de Villes allant vers from videosfing on Vimeo.&nbsp; \u00ab VillesAllantVers \u00bb est une cr\u00e9ation collective. Elle se r\u00e9alise sous la forme d&rsquo;ateliers ouverts aux participants de tous \u00e2ges. Lors de l&rsquo;atelier, nous collectons les \u00ab parcours \u00bb de chacun. [&hellip;]<\/p>\n","protected":false},"author":1,"featured_media":442,"parent":0,"menu_order":0,"comment_status":"closed","ping_status":"open","template":"","meta":{"jetpack_post_was_ever_published":false,"footnotes":""},"class_list":["post-197","page","type-page","status-publish","has-post-thumbnail","hentry"],"jetpack_sharing_enabled":true,"jetpack_shortlink":"https:\/\/wp.me\/P73vO5-3b","_links":{"self":[{"href":"https:\/\/villesallantvers.org\/lig_mrs_lig\/index.php?rest_route=\/wp\/v2\/pages\/197","targetHints":{"allow":["GET"]}}],"collection":[{"href":"https:\/\/villesallantvers.org\/lig_mrs_lig\/index.php?rest_route=\/wp\/v2\/pages"}],"about":[{"href":"https:\/\/villesallantvers.org\/lig_mrs_lig\/index.php?rest_route=\/wp\/v2\/types\/page"}],"author":[{"embeddable":true,"href":"https:\/\/villesallantvers.org\/lig_mrs_lig\/index.php?rest_route=\/wp\/v2\/users\/1"}],"replies":[{"embeddable":true,"href":"https:\/\/villesallantvers.org\/lig_mrs_lig\/index.php?rest_route=%2Fwp%2Fv2%2Fcomments&post=197"}],"version-history":[{"count":9,"href":"https:\/\/villesallantvers.org\/lig_mrs_lig\/index.php?rest_route=\/wp\/v2\/pages\/197\/revisions"}],"predecessor-version":[{"id":594,"href":"https:\/\/villesallantvers.org\/lig_mrs_lig\/index.php?rest_route=\/wp\/v2\/pages\/197\/revisions\/594"}],"wp:featuredmedia":[{"embeddable":true,"href":"https:\/\/villesallantvers.org\/lig_mrs_lig\/index.php?rest_route=\/wp\/v2\/media\/442"}],"wp:attachment":[{"href":"https:\/\/villesallantvers.org\/lig_mrs_lig\/index.php?rest_route=%2Fwp%2Fv2%2Fmedia&parent=197"}],"curies":[{"name":"wp","href":"https:\/\/api.w.org\/{rel}","templated":true}]}}